{"id":141,"date":"2025-10-23T20:03:31","date_gmt":"2025-10-23T23:03:31","guid":{"rendered":"https:\/\/marlenesouza.com.br\/?post_type=product&#038;p=141"},"modified":"2025-11-01T21:20:18","modified_gmt":"2025-11-02T00:20:18","slug":"biscoite-amanteigado","status":"publish","type":"product","link":"https:\/\/marlenesouza.com.br\/?product=biscoite-amanteigado","title":{"rendered":"Biscoitos Amanteigados"},"content":{"rendered":"<figure id=\"attachment_378\" aria-describedby=\"caption-attachment-378\" style=\"width: 300px\" class=\"wp-caption alignnone\"><img decoding=\"async\" class=\"size-medium wp-image-378\" src=\"https:\/\/marlenesouza.com.br\/wp-content\/uploads\/2025\/10\/biscoito_coracao-300x135.jpg\" alt=\"\" width=\"300\" height=\"135\" srcset=\"https:\/\/marlenesouza.com.br\/wp-content\/uploads\/2025\/10\/biscoito_coracao-300x135.jpg 300w, https:\/\/marlenesouza.com.br\/wp-content\/uploads\/2025\/10\/biscoito_coracao-1024x462.jpg 1024w, https:\/\/marlenesouza.com.br\/wp-content\/uploads\/2025\/10\/biscoito_coracao-768x346.jpg 768w, https:\/\/marlenesouza.com.br\/wp-content\/uploads\/2025\/10\/biscoito_coracao-1536x693.jpg 1536w, https:\/\/marlenesouza.com.br\/wp-content\/uploads\/2025\/10\/biscoito_coracao-2048x924.jpg 2048w, https:\/\/marlenesouza.com.br\/wp-content\/uploads\/2025\/10\/biscoito_coracao-600x271.jpg 600w\" sizes=\"(max-width: 300px) 100vw, 300px\" \/><figcaption id=\"caption-attachment-378\" class=\"wp-caption-text\">Biscoitos amanteigados<\/figcaption><\/figure>\n<h3 data-start=\"193\" data-end=\"241\"><img decoding=\"async\" class=\"alignnone wp-image-377\" src=\"https:\/\/marlenesouza.com.br\/wp-content\/uploads\/2025\/10\/imagem_2_caixas_de_biscoito-atelie_Marlene_Souza-135x300.jpg\" alt=\"\" width=\"60\" height=\"133\" srcset=\"https:\/\/marlenesouza.com.br\/wp-content\/uploads\/2025\/10\/imagem_2_caixas_de_biscoito-atelie_Marlene_Souza-135x300.jpg 135w, https:\/\/marlenesouza.com.br\/wp-content\/uploads\/2025\/10\/imagem_2_caixas_de_biscoito-atelie_Marlene_Souza-462x1024.jpg 462w, https:\/\/marlenesouza.com.br\/wp-content\/uploads\/2025\/10\/imagem_2_caixas_de_biscoito-atelie_Marlene_Souza-768x1703.jpg 768w, https:\/\/marlenesouza.com.br\/wp-content\/uploads\/2025\/10\/imagem_2_caixas_de_biscoito-atelie_Marlene_Souza-693x1536.jpg 693w, https:\/\/marlenesouza.com.br\/wp-content\/uploads\/2025\/10\/imagem_2_caixas_de_biscoito-atelie_Marlene_Souza-924x2048.jpg 924w, https:\/\/marlenesouza.com.br\/wp-content\/uploads\/2025\/10\/imagem_2_caixas_de_biscoito-atelie_Marlene_Souza-600x1330.jpg 600w, https:\/\/marlenesouza.com.br\/wp-content\/uploads\/2025\/10\/imagem_2_caixas_de_biscoito-atelie_Marlene_Souza-scaled.jpg 1155w\" sizes=\"(max-width: 60px) 100vw, 60px\" \/> <img decoding=\"async\" class=\"alignnone wp-image-375\" src=\"https:\/\/marlenesouza.com.br\/wp-content\/uploads\/2025\/10\/caixa_biscoito_coracao_mesclado_com_preto-135x300.jpg\" alt=\"\" width=\"60\" height=\"133\" \/><img loading=\"lazy\" decoding=\"async\" class=\"alignnone wp-image-379\" src=\"https:\/\/marlenesouza.com.br\/wp-content\/uploads\/2025\/10\/Biscoito_times_atelie_Marlene_Souza-135x300.jpg\" alt=\"\" width=\"60\" height=\"133\" srcset=\"https:\/\/marlenesouza.com.br\/wp-content\/uploads\/2025\/10\/Biscoito_times_atelie_Marlene_Souza-135x300.jpg 135w, https:\/\/marlenesouza.com.br\/wp-content\/uploads\/2025\/10\/Biscoito_times_atelie_Marlene_Souza-462x1024.jpg 462w, https:\/\/marlenesouza.com.br\/wp-content\/uploads\/2025\/10\/Biscoito_times_atelie_Marlene_Souza-768x1703.jpg 768w, https:\/\/marlenesouza.com.br\/wp-content\/uploads\/2025\/10\/Biscoito_times_atelie_Marlene_Souza-693x1536.jpg 693w, https:\/\/marlenesouza.com.br\/wp-content\/uploads\/2025\/10\/Biscoito_times_atelie_Marlene_Souza-924x2048.jpg 924w, https:\/\/marlenesouza.com.br\/wp-content\/uploads\/2025\/10\/Biscoito_times_atelie_Marlene_Souza-600x1330.jpg 600w, https:\/\/marlenesouza.com.br\/wp-content\/uploads\/2025\/10\/Biscoito_times_atelie_Marlene_Souza-scaled.jpg 1155w\" sizes=\"(max-width: 60px) 100vw, 60px\" \/> <img loading=\"lazy\" decoding=\"async\" class=\"alignnone wp-image-380\" src=\"https:\/\/marlenesouza.com.br\/wp-content\/uploads\/2025\/10\/coracao_sucesso_atelie_Marlene_Souza-135x300.jpg\" alt=\"\" width=\"61\" height=\"136\" srcset=\"https:\/\/marlenesouza.com.br\/wp-content\/uploads\/2025\/10\/coracao_sucesso_atelie_Marlene_Souza-135x300.jpg 135w, https:\/\/marlenesouza.com.br\/wp-content\/uploads\/2025\/10\/coracao_sucesso_atelie_Marlene_Souza-462x1024.jpg 462w, https:\/\/marlenesouza.com.br\/wp-content\/uploads\/2025\/10\/coracao_sucesso_atelie_Marlene_Souza-768x1703.jpg 768w, https:\/\/marlenesouza.com.br\/wp-content\/uploads\/2025\/10\/coracao_sucesso_atelie_Marlene_Souza-693x1536.jpg 693w, https:\/\/marlenesouza.com.br\/wp-content\/uploads\/2025\/10\/coracao_sucesso_atelie_Marlene_Souza-924x2048.jpg 924w, https:\/\/marlenesouza.com.br\/wp-content\/uploads\/2025\/10\/coracao_sucesso_atelie_Marlene_Souza-600x1330.jpg 600w, https:\/\/marlenesouza.com.br\/wp-content\/uploads\/2025\/10\/coracao_sucesso_atelie_Marlene_Souza-scaled.jpg 1155w\" sizes=\"(max-width: 61px) 100vw, 61px\" \/> <img loading=\"lazy\" decoding=\"async\" class=\"alignnone wp-image-381 \" src=\"https:\/\/marlenesouza.com.br\/wp-content\/uploads\/2025\/10\/coracao_fe_atelie_Marlene_Souza-scaled-e1762039993729-135x300.jpg\" alt=\"\" width=\"59\" height=\"131\" srcset=\"https:\/\/marlenesouza.com.br\/wp-content\/uploads\/2025\/10\/coracao_fe_atelie_Marlene_Souza-scaled-e1762039993729-135x300.jpg 135w, https:\/\/marlenesouza.com.br\/wp-content\/uploads\/2025\/10\/coracao_fe_atelie_Marlene_Souza-scaled-e1762039993729-462x1024.jpg 462w, https:\/\/marlenesouza.com.br\/wp-content\/uploads\/2025\/10\/coracao_fe_atelie_Marlene_Souza-scaled-e1762039993729-768x1702.jpg 768w, https:\/\/marlenesouza.com.br\/wp-content\/uploads\/2025\/10\/coracao_fe_atelie_Marlene_Souza-scaled-e1762039993729-693x1536.jpg 693w, https:\/\/marlenesouza.com.br\/wp-content\/uploads\/2025\/10\/coracao_fe_atelie_Marlene_Souza-scaled-e1762039993729-924x2048.jpg 924w, https:\/\/marlenesouza.com.br\/wp-content\/uploads\/2025\/10\/coracao_fe_atelie_Marlene_Souza-scaled-e1762039993729-600x1330.jpg 600w, https:\/\/marlenesouza.com.br\/wp-content\/uploads\/2025\/10\/coracao_fe_atelie_Marlene_Souza-scaled-e1762039993729.jpg 1155w\" sizes=\"(max-width: 59px) 100vw, 59px\" \/> <img loading=\"lazy\" decoding=\"async\" class=\"alignnone wp-image-382\" src=\"https:\/\/marlenesouza.com.br\/wp-content\/uploads\/2025\/10\/coracao_palavras_atelie_Marlene_Souza-135x300.jpg\" alt=\"\" width=\"58\" height=\"128\" srcset=\"https:\/\/marlenesouza.com.br\/wp-content\/uploads\/2025\/10\/coracao_palavras_atelie_Marlene_Souza-135x300.jpg 135w, https:\/\/marlenesouza.com.br\/wp-content\/uploads\/2025\/10\/coracao_palavras_atelie_Marlene_Souza-462x1024.jpg 462w, https:\/\/marlenesouza.com.br\/wp-content\/uploads\/2025\/10\/coracao_palavras_atelie_Marlene_Souza-768x1703.jpg 768w, https:\/\/marlenesouza.com.br\/wp-content\/uploads\/2025\/10\/coracao_palavras_atelie_Marlene_Souza-693x1536.jpg 693w, https:\/\/marlenesouza.com.br\/wp-content\/uploads\/2025\/10\/coracao_palavras_atelie_Marlene_Souza-924x2048.jpg 924w, https:\/\/marlenesouza.com.br\/wp-content\/uploads\/2025\/10\/coracao_palavras_atelie_Marlene_Souza-600x1330.jpg 600w, https:\/\/marlenesouza.com.br\/wp-content\/uploads\/2025\/10\/coracao_palavras_atelie_Marlene_Souza-scaled.jpg 1155w\" sizes=\"(max-width: 58px) 100vw, 58px\" \/> <img loading=\"lazy\" decoding=\"async\" class=\"alignnone wp-image-383\" src=\"https:\/\/marlenesouza.com.br\/wp-content\/uploads\/2025\/10\/atelie_Marlene_Souza-135x300.jpg\" alt=\"\" width=\"56\" height=\"124\" \/> <img loading=\"lazy\" decoding=\"async\" class=\"alignnone wp-image-384 \" src=\"https:\/\/marlenesouza.com.br\/wp-content\/uploads\/2025\/10\/Palavras_estrela_atelie_Marlene_Souza-scaled-e1762040059493-218x300.jpg\" alt=\"\" width=\"105\" height=\"144\" srcset=\"https:\/\/marlenesouza.com.br\/wp-content\/uploads\/2025\/10\/Palavras_estrela_atelie_Marlene_Souza-scaled-e1762040059493-218x300.jpg 218w, https:\/\/marlenesouza.com.br\/wp-content\/uploads\/2025\/10\/Palavras_estrela_atelie_Marlene_Souza-scaled-e1762040059493-745x1024.jpg 745w, https:\/\/marlenesouza.com.br\/wp-content\/uploads\/2025\/10\/Palavras_estrela_atelie_Marlene_Souza-scaled-e1762040059493-768x1056.jpg 768w, https:\/\/marlenesouza.com.br\/wp-content\/uploads\/2025\/10\/Palavras_estrela_atelie_Marlene_Souza-scaled-e1762040059493-600x825.jpg 600w, https:\/\/marlenesouza.com.br\/wp-content\/uploads\/2025\/10\/Palavras_estrela_atelie_Marlene_Souza-scaled-e1762040059493.jpg 956w\" sizes=\"(max-width: 105px) 100vw, 105px\" \/> <img loading=\"lazy\" decoding=\"async\" class=\"alignnone wp-image-385 \" src=\"https:\/\/marlenesouza.com.br\/wp-content\/uploads\/2025\/10\/palavras_nuvem_atelie_Marlene_Souza-scaled-e1762040104751-232x300.jpg\" alt=\"\" width=\"106\" height=\"137\" srcset=\"https:\/\/marlenesouza.com.br\/wp-content\/uploads\/2025\/10\/palavras_nuvem_atelie_Marlene_Souza-scaled-e1762040104751-232x300.jpg 232w, https:\/\/marlenesouza.com.br\/wp-content\/uploads\/2025\/10\/palavras_nuvem_atelie_Marlene_Souza-scaled-e1762040104751-793x1024.jpg 793w, https:\/\/marlenesouza.com.br\/wp-content\/uploads\/2025\/10\/palavras_nuvem_atelie_Marlene_Souza-scaled-e1762040104751-768x991.jpg 768w, https:\/\/marlenesouza.com.br\/wp-content\/uploads\/2025\/10\/palavras_nuvem_atelie_Marlene_Souza-scaled-e1762040104751-1190x1536.jpg 1190w, https:\/\/marlenesouza.com.br\/wp-content\/uploads\/2025\/10\/palavras_nuvem_atelie_Marlene_Souza-scaled-e1762040104751-1587x2048.jpg 1587w, https:\/\/marlenesouza.com.br\/wp-content\/uploads\/2025\/10\/palavras_nuvem_atelie_Marlene_Souza-scaled-e1762040104751-600x774.jpg 600w, https:\/\/marlenesouza.com.br\/wp-content\/uploads\/2025\/10\/palavras_nuvem_atelie_Marlene_Souza-scaled-e1762040104751.jpg 1600w\" sizes=\"(max-width: 106px) 100vw, 106px\" \/><\/h3>\n<h3 data-start=\"193\" data-end=\"241\">Seu carinho merece um toque especial<\/h3>\n<p data-start=\"243\" data-end=\"519\">Transforme cada presente em uma lembran\u00e7a inesquec\u00edvel!<\/p>\n<p data-start=\"243\" data-end=\"519\"><br data-start=\"301\" data-end=\"304\" \/>Nossas <strong data-start=\"311\" data-end=\"366\">caixinhas de biscoitos artesanais em forma de nuvem, estrela ou cora\u00e7\u00e3o<\/strong> s\u00e3o feitas com amor e podem ser <strong data-start=\"399\" data-end=\"462\">personalizadas com a palavra que mais representa seu desejo<\/strong>:<br data-start=\"463\" data-end=\"466\" \/><strong data-start=\"466\" data-end=\"517\">Amor, Alegria, Felicidade, Conquistas, felicidades, sucesso, f\u00e9 ou Sa\u00fade.<\/strong><\/p>\n<p data-start=\"521\" data-end=\"693\">\ud83c\udf81 Escolha o tamanho ideal (5 ou 10 biscoitos)<br data-start=\"567\" data-end=\"570\" \/>\ud83d\udc8c Acompanha um delicado <strong data-start=\"595\" data-end=\"641\">marca-p\u00e1gina de croch\u00ea em forma de cora\u00e7\u00e3o<\/strong><br data-start=\"641\" data-end=\"644\" \/>\ud83d\udcaf Feitos artesanalmente, com sabor e prop\u00f3sito<\/p>\n<p data-start=\"695\" data-end=\"764\">\u2728 <strong data-start=\"697\" data-end=\"762\">Um presente que fala com o cora\u00e7\u00e3o e encanta em cada detalhe!<\/strong><\/p>\n<p data-start=\"766\" data-end=\"826\">\ud83d\udc49 <strong data-start=\"769\" data-end=\"789\">Garanta j\u00e1 o seu<\/strong> e envie amor em forma de nuvem!<\/p>\n<p><span dir=\"auto\" style=\"vertical-align: inherit;\"><span dir=\"auto\" style=\"vertical-align: inherit;\">*Cont\u00e9m gl\u00faten.<\/span><\/span><\/p>\n<p><span dir=\"auto\" style=\"vertical-align: inherit;\"><span dir=\"auto\" style=\"vertical-align: inherit;\">R$ 10,00<\/span><\/span><\/p>\n<p>&nbsp;<\/p>\n","protected":false},"excerpt":{"rendered":"<p><img loading=\"lazy\" decoding=\"async\" class=\"alignnone wp-image-376 size-thumbnail\" src=\"https:\/\/marlenesouza.com.br\/wp-content\/uploads\/2025\/10\/caixa_biscoito_coracao_mesclado_com_branco-scaled-e1762038470464-150x150.jpg\" alt=\"\" width=\"150\" height=\"150\" srcset=\"https:\/\/marlenesouza.com.br\/wp-content\/uploads\/2025\/10\/caixa_biscoito_coracao_mesclado_com_branco-scaled-e1762038470464-150x150.jpg 150w, https:\/\/marlenesouza.com.br\/wp-content\/uploads\/2025\/10\/caixa_biscoito_coracao_mesclado_com_branco-scaled-e1762038470464-300x300.jpg 300w, https:\/\/marlenesouza.com.br\/wp-content\/uploads\/2025\/10\/caixa_biscoito_coracao_mesclado_com_branco-scaled-e1762038470464-100x100.jpg 100w\" sizes=\"(max-width: 150px) 100vw, 150px\" \/><\/p>\n<p data-start=\"0\" data-end=\"42\">\ud83c\udf6a <strong data-start=\"3\" data-end=\"40\">Biscoitos Amanteigados Artesanais<\/strong><\/p>\n<p data-start=\"44\" data-end=\"292\">Deliciosos biscoitos amanteigados feitos \u00e0 m\u00e3o, com sabor caseiro e textura que derrete na boca. \ud83d\udc9b<br data-start=\"143\" data-end=\"146\" \/>Perfeitos para presentear ou saborear com um caf\u00e9 especial, cada caixinha \u00e9 preparada com carinho e pode acompanhar um mimo artesanal exclusivo.<\/p>\n<p data-start=\"294\" data-end=\"368\" data-is-last-node=\"\" data-is-only-node=\"\">\u2728 Feitos com amor no Ateli\u00ea Marlene Souza \u2014 onde o sabor encontra o afeto.<\/p>\n","protected":false},"featured_media":376,"template":"","meta":{"_joinchat":{"message_text":"Ol\u00e1! Seja bem-vindo!\nComo posso te ajudar?","message_send":"Ol\u00e1!\nquero comprar biscoitos amanteigados..."}},"product_brand":[],"product_cat":[15],"product_tag":[32,29,30,31],"class_list":{"0":"post-141","1":"product","2":"type-product","3":"status-publish","4":"has-post-thumbnail","6":"product_cat-alimentos","7":"product_tag-aniversario","8":"product_tag-biscoitos","9":"product_tag-lembrancinha","10":"product_tag-natal","11":"product_shipping_class-leve","13":"first","14":"instock","15":"shipping-taxable","16":"purchasable","17":"product-type-variable"},"_links":{"self":[{"href":"https:\/\/marlenesouza.com.br\/index.php?rest_route=\/wp\/v2\/product\/141","targetHints":{"allow":["GET"]}}],"collection":[{"href":"https:\/\/marlenesouza.com.br\/index.php?rest_route=\/wp\/v2\/product"}],"about":[{"href":"https:\/\/marlenesouza.com.br\/index.php?rest_route=\/wp\/v2\/types\/product"}],"wp:featuredmedia":[{"embeddable":true,"href":"https:\/\/marlenesouza.com.br\/index.php?rest_route=\/wp\/v2\/media\/376"}],"wp:attachment":[{"href":"https:\/\/marlenesouza.com.br\/index.php?rest_route=%2Fwp%2Fv2%2Fmedia&parent=141"}],"wp:term":[{"taxonomy":"product_brand","embeddable":true,"href":"https:\/\/marlenesouza.com.br\/index.php?rest_route=%2Fwp%2Fv2%2Fproduct_brand&post=141"},{"taxonomy":"product_cat","embeddable":true,"href":"https:\/\/marlenesouza.com.br\/index.php?rest_route=%2Fwp%2Fv2%2Fproduct_cat&post=141"},{"taxonomy":"product_tag","embeddable":true,"href":"https:\/\/marlenesouza.com.br\/index.php?rest_route=%2Fwp%2Fv2%2Fproduct_tag&post=141"}],"curies":[{"name":"wp","href":"https:\/\/api.w.org\/{rel}","templated":true}]}}